{"id":2665,"date":"2023-05-29T11:59:13","date_gmt":"2023-05-29T15:59:13","guid":{"rendered":"https:\/\/reseaumentoratgim.com\/?page_id=2665"},"modified":"2026-01-07T11:57:10","modified_gmt":"2026-01-07T16:57:10","slug":"jacques-henry","status":"publish","type":"page","link":"https:\/\/reseaumentoratgim.com\/en\/our-mentors\/jacques-henry\/","title":{"rendered":"Jacques Henry"},"content":{"rendered":"<div class=\"wpb-content-wrapper\"><p>[vc_row full_width=&#8221;stretch_row_content&#8221;][vc_column width=&#8221;1\/3&#8243; css=&#8221;.vc_custom_1540929116858{margin-left: 0px !important;padding-right: 0px !important;padding-left: 0px !important;}&#8221;][vc_empty_space height=&#8221;50px&#8221;][vc_single_image image=&#8221;2374&#8243; img_size=&#8221;full&#8221; alignment=&#8221;right&#8221; css=&#8221;.vc_custom_1685375921827{margin-left: 0px !important;padding-right: 0px !important;padding-left: 0px !important;}&#8221;][\/vc_column][vc_column width=&#8221;1\/2&#8243; css=&#8221;.vc_custom_1541011805155{padding-top: 50px !important;padding-left: 50px !important;}&#8221;][vc_empty_space height=&#8221;50px&#8221;]<div class=\" size-md clearfix\"><h2 class=\"main-title title normal-title size-md line-style1 \"   >Jacques Henry, Mentor <span class=\"line\"><\/span><\/h2><\/div>[vc_column_text css=&#8221;&#8221;]<strong>Retired Manager<br \/>\nDesjardins<\/strong><\/p>\n<p><strong>Mentor since: September 2021<\/strong><\/p>\n<p>In his 33-year management career with Desjardins, Jacques Henry leveraged his academic studies in industrial relations, administration and organizational management. Starting out as a department head, then moving up to general manager, Jacques Henry played a vital role in the consolidation of the Bonaventure, St-Sim\u00e9on, Caplan and St-Alphonse branches in the year\u00a02000.<\/p>\n<p>Actively involved in the community, he has served on many boards of directors over the years, including the Fondation Sant\u00e9 Baie-des-Chaleurs, the Fondation du Coll\u00e8ge de la Gasp\u00e9sie, the Mus\u00e9e Acadien du Qu\u00e9bec, and the chamber of commerce. Jacques Henry has worked with many entrepreneurs and freelancers and hopes to continue supporting regional economic development through mentoring.<\/p>\n<p>He defines a mentor as, \u201can individual who understands how to be a good listener and who is able to support the mentee by helping them reflect on the projects they want to work towards.\u201d<\/p>\n<p>Jacques\u2019 areas of interest: travel, champagne.[\/vc_column_text]<div class=\"pix_button \"><a href=\"\/en\/our-mentors\/\"  class=\"clear btn  btn-solid btn-hover-outline btn-oval  btn-md color btn-hover-color\">BACK TO OUR MENTORS<\/a><\/div>[\/vc_column][vc_column width=&#8221;1\/6&#8243;][\/vc_column][\/vc_row][vc_row][vc_column][vc_empty_space height=&#8221;30px&#8221;][\/vc_column][\/vc_row]<\/p>\n<\/div>","protected":false},"excerpt":{"rendered":"<p>[vc_row full_width=&#8221;stretch_row_content&#8221;][vc_column width=&#8221;1\/3&#8243; css=&#8221;.vc_custom_1540929116858{margin-left: 0px !important;padding-right: 0px !important;padding-left: 0px !important;}&#8221;][vc_empty_space height=&#8221;50px&#8221;][vc_single_image image=&#8221;2374&#8243; img_size=&#8221;full&#8221; alignment=&#8221;right&#8221; css=&#8221;.vc_custom_1685375921827{margin-left: 0px !important;padding-right: 0px !important;padding-left: 0px !important;}&#8221;][\/vc_column][vc_column width=&#8221;1\/2&#8243; css=&#8221;.vc_custom_1541011805155{padding-top: 50px !important;padding-left: 50px !important;}&#8221;][vc_empty_space height=&#8221;50px&#8221;][vc_column_text css=&#8221;&#8221;]Retired Manager Desjardins Mentor since: September 2021 In his 33-year management career&#8230;<\/p>\n","protected":false},"author":4,"featured_media":0,"parent":602,"menu_order":0,"comment_status":"closed","ping_status":"closed","template":"","meta":{"_acf_changed":false,"_monsterinsights_skip_tracking":false,"_monsterinsights_sitenote_active":false,"_monsterinsights_sitenote_note":"","_monsterinsights_sitenote_category":0,"footnotes":""},"class_list":["post-2665","page","type-page","status-publish","hentry"],"acf":[],"yoast_head":"<!-- This site is optimized with the Yoast SEO plugin v25.4 - https:\/\/yoast.com\/wordpress\/plugins\/seo\/ -->\n<title>Jacques Henry - Mentorat Gasp\u00e9sie\u2013\u00celes-de-la-Madeleine<\/title>\n<meta name=\"robots\" content=\"index, follow, max-snippet:-1, max-image-preview:large, max-video-preview:-1\" \/>\n<link rel=\"canonical\" href=\"https:\/\/reseaumentoratgim.com\/en\/our-mentors\/jacques-henry\/\" \/>\n<meta property=\"og:locale\" content=\"en_US\" \/>\n<meta property=\"og:type\" content=\"article\" \/>\n<meta property=\"og:title\" content=\"Jacques Henry - Mentorat Gasp\u00e9sie\u2013\u00celes-de-la-Madeleine\" \/>\n<meta property=\"og:description\" content=\"[vc_row full_width=&#8221;stretch_row_content&#8221;][vc_column width=&#8221;1\/3&#8243; css=&#8221;.vc_custom_1540929116858{margin-left: 0px !important;padding-right: 0px !important;padding-left: 0px !important;}&#8221;][vc_empty_space height=&#8221;50px&#8221;][vc_single_image image=&#8221;2374&#8243; img_size=&#8221;full&#8221; alignment=&#8221;right&#8221; css=&#8221;.vc_custom_1685375921827{margin-left: 0px !important;padding-right: 0px !important;padding-left: 0px !important;}&#8221;][\/vc_column][vc_column width=&#8221;1\/2&#8243; css=&#8221;.vc_custom_1541011805155{padding-top: 50px !important;padding-left: 50px !important;}&#8221;][vc_empty_space height=&#8221;50px&#8221;][vc_column_text css=&#8221;&#8221;]Retired Manager Desjardins Mentor since: September 2021 In his 33-year management career...\" \/>\n<meta property=\"og:url\" content=\"https:\/\/reseaumentoratgim.com\/en\/our-mentors\/jacques-henry\/\" \/>\n<meta property=\"og:site_name\" content=\"Mentorat Gasp\u00e9sie\u2013\u00celes-de-la-Madeleine\" \/>\n<meta property=\"article:publisher\" content=\"https:\/\/www.facebook.com\/MentoratGIM\/\" \/>\n<meta property=\"article:modified_time\" content=\"2026-01-07T16:57:10+00:00\" \/>\n<meta property=\"og:image\" content=\"https:\/\/reseaumentoratgim.com\/wp-content\/uploads\/2025\/12\/logo800x512.png\" \/>\n\t<meta property=\"og:image:width\" content=\"800\" \/>\n\t<meta property=\"og:image:height\" content=\"512\" \/>\n\t<meta property=\"og:image:type\" content=\"image\/png\" \/>\n<meta name=\"twitter:card\" content=\"summary_large_image\" \/>\n<meta name=\"twitter:label1\" content=\"Est. reading time\" \/>\n\t<meta name=\"twitter:data1\" content=\"2 minutes\" \/>\n<script type=\"application\/ld+json\" class=\"yoast-schema-graph\">{\"@context\":\"https:\/\/schema.org\",\"@graph\":[{\"@type\":\"WebPage\",\"@id\":\"https:\/\/reseaumentoratgim.com\/en\/our-mentors\/jacques-henry\/\",\"url\":\"https:\/\/reseaumentoratgim.com\/en\/our-mentors\/jacques-henry\/\",\"name\":\"Jacques Henry - Mentorat Gasp\u00e9sie\u2013\u00celes-de-la-Madeleine\",\"isPartOf\":{\"@id\":\"https:\/\/reseaumentoratgim.com\/#website\"},\"datePublished\":\"2023-05-29T15:59:13+00:00\",\"dateModified\":\"2026-01-07T16:57:10+00:00\",\"breadcrumb\":{\"@id\":\"https:\/\/reseaumentoratgim.com\/en\/our-mentors\/jacques-henry\/#breadcrumb\"},\"inLanguage\":\"en-US\",\"potentialAction\":[{\"@type\":\"ReadAction\",\"target\":[\"https:\/\/reseaumentoratgim.com\/en\/our-mentors\/jacques-henry\/\"]}]},{\"@type\":\"BreadcrumbList\",\"@id\":\"https:\/\/reseaumentoratgim.com\/en\/our-mentors\/jacques-henry\/#breadcrumb\",\"itemListElement\":[{\"@type\":\"ListItem\",\"position\":1,\"name\":\"Accueil\",\"item\":\"https:\/\/reseaumentoratgim.com\/en\/accueil\/\"},{\"@type\":\"ListItem\",\"position\":2,\"name\":\"Our mentors\",\"item\":\"https:\/\/reseaumentoratgim.com\/en\/our-mentors\/\"},{\"@type\":\"ListItem\",\"position\":3,\"name\":\"Jacques Henry\"}]},{\"@type\":\"WebSite\",\"@id\":\"https:\/\/reseaumentoratgim.com\/#website\",\"url\":\"https:\/\/reseaumentoratgim.com\/\",\"name\":\"Mentorat Gasp\u00e9sie\u2013\u00celes-de-la-Madeleine\",\"description\":\"Mentorat Gasp\u00e9sie\u2013\u00celes-de-la-Madeleine - accompagnement de haut calibre pour d\u00e9velopper son plein potentiel.\",\"publisher\":{\"@id\":\"https:\/\/reseaumentoratgim.com\/#organization\"},\"potentialAction\":[{\"@type\":\"SearchAction\",\"target\":{\"@type\":\"EntryPoint\",\"urlTemplate\":\"https:\/\/reseaumentoratgim.com\/?s={search_term_string}\"},\"query-input\":{\"@type\":\"PropertyValueSpecification\",\"valueRequired\":true,\"valueName\":\"search_term_string\"}}],\"inLanguage\":\"en-US\"},{\"@type\":\"Organization\",\"@id\":\"https:\/\/reseaumentoratgim.com\/#organization\",\"name\":\"Mentorat Gasp\u00e9sie\u2013\u00celes-de-la-Madeleine\",\"url\":\"https:\/\/reseaumentoratgim.com\/\",\"logo\":{\"@type\":\"ImageObject\",\"inLanguage\":\"en-US\",\"@id\":\"https:\/\/reseaumentoratgim.com\/#\/schema\/logo\/image\/\",\"url\":\"https:\/\/reseaumentoratgim.com\/wp-content\/uploads\/2025\/12\/avatar_LI-800x800-1.png\",\"contentUrl\":\"https:\/\/reseaumentoratgim.com\/wp-content\/uploads\/2025\/12\/avatar_LI-800x800-1.png\",\"width\":800,\"height\":800,\"caption\":\"Mentorat Gasp\u00e9sie\u2013\u00celes-de-la-Madeleine\"},\"image\":{\"@id\":\"https:\/\/reseaumentoratgim.com\/#\/schema\/logo\/image\/\"},\"sameAs\":[\"https:\/\/www.facebook.com\/MentoratGIM\/\",\"https:\/\/www.linkedin.com\/company\/reseau-gim-m\/\"]}]}<\/script>\n<!-- \/ Yoast SEO plugin. -->","yoast_head_json":{"title":"Jacques Henry - Mentorat Gasp\u00e9sie\u2013\u00celes-de-la-Madeleine","robots":{"index":"index","follow":"follow","max-snippet":"max-snippet:-1","max-image-preview":"max-image-preview:large","max-video-preview":"max-video-preview:-1"},"canonical":"https:\/\/reseaumentoratgim.com\/en\/our-mentors\/jacques-henry\/","og_locale":"en_US","og_type":"article","og_title":"Jacques Henry - Mentorat Gasp\u00e9sie\u2013\u00celes-de-la-Madeleine","og_description":"[vc_row full_width=&#8221;stretch_row_content&#8221;][vc_column width=&#8221;1\/3&#8243; css=&#8221;.vc_custom_1540929116858{margin-left: 0px !important;padding-right: 0px !important;padding-left: 0px !important;}&#8221;][vc_empty_space height=&#8221;50px&#8221;][vc_single_image image=&#8221;2374&#8243; img_size=&#8221;full&#8221; alignment=&#8221;right&#8221; css=&#8221;.vc_custom_1685375921827{margin-left: 0px !important;padding-right: 0px !important;padding-left: 0px !important;}&#8221;][\/vc_column][vc_column width=&#8221;1\/2&#8243; css=&#8221;.vc_custom_1541011805155{padding-top: 50px !important;padding-left: 50px !important;}&#8221;][vc_empty_space height=&#8221;50px&#8221;][vc_column_text css=&#8221;&#8221;]Retired Manager Desjardins Mentor since: September 2021 In his 33-year management career...","og_url":"https:\/\/reseaumentoratgim.com\/en\/our-mentors\/jacques-henry\/","og_site_name":"Mentorat Gasp\u00e9sie\u2013\u00celes-de-la-Madeleine","article_publisher":"https:\/\/www.facebook.com\/MentoratGIM\/","article_modified_time":"2026-01-07T16:57:10+00:00","og_image":[{"width":800,"height":512,"url":"https:\/\/reseaumentoratgim.com\/wp-content\/uploads\/2025\/12\/logo800x512.png","type":"image\/png"}],"twitter_card":"summary_large_image","twitter_misc":{"Est. reading time":"2 minutes"},"schema":{"@context":"https:\/\/schema.org","@graph":[{"@type":"WebPage","@id":"https:\/\/reseaumentoratgim.com\/en\/our-mentors\/jacques-henry\/","url":"https:\/\/reseaumentoratgim.com\/en\/our-mentors\/jacques-henry\/","name":"Jacques Henry - Mentorat Gasp\u00e9sie\u2013\u00celes-de-la-Madeleine","isPartOf":{"@id":"https:\/\/reseaumentoratgim.com\/#website"},"datePublished":"2023-05-29T15:59:13+00:00","dateModified":"2026-01-07T16:57:10+00:00","breadcrumb":{"@id":"https:\/\/reseaumentoratgim.com\/en\/our-mentors\/jacques-henry\/#breadcrumb"},"inLanguage":"en-US","potentialAction":[{"@type":"ReadAction","target":["https:\/\/reseaumentoratgim.com\/en\/our-mentors\/jacques-henry\/"]}]},{"@type":"BreadcrumbList","@id":"https:\/\/reseaumentoratgim.com\/en\/our-mentors\/jacques-henry\/#breadcrumb","itemListElement":[{"@type":"ListItem","position":1,"name":"Accueil","item":"https:\/\/reseaumentoratgim.com\/en\/accueil\/"},{"@type":"ListItem","position":2,"name":"Our mentors","item":"https:\/\/reseaumentoratgim.com\/en\/our-mentors\/"},{"@type":"ListItem","position":3,"name":"Jacques Henry"}]},{"@type":"WebSite","@id":"https:\/\/reseaumentoratgim.com\/#website","url":"https:\/\/reseaumentoratgim.com\/","name":"Mentorat Gasp\u00e9sie\u2013\u00celes-de-la-Madeleine","description":"Mentorat Gasp\u00e9sie\u2013\u00celes-de-la-Madeleine - accompagnement de haut calibre pour d\u00e9velopper son plein potentiel.","publisher":{"@id":"https:\/\/reseaumentoratgim.com\/#organization"},"potentialAction":[{"@type":"SearchAction","target":{"@type":"EntryPoint","urlTemplate":"https:\/\/reseaumentoratgim.com\/?s={search_term_string}"},"query-input":{"@type":"PropertyValueSpecification","valueRequired":true,"valueName":"search_term_string"}}],"inLanguage":"en-US"},{"@type":"Organization","@id":"https:\/\/reseaumentoratgim.com\/#organization","name":"Mentorat Gasp\u00e9sie\u2013\u00celes-de-la-Madeleine","url":"https:\/\/reseaumentoratgim.com\/","logo":{"@type":"ImageObject","inLanguage":"en-US","@id":"https:\/\/reseaumentoratgim.com\/#\/schema\/logo\/image\/","url":"https:\/\/reseaumentoratgim.com\/wp-content\/uploads\/2025\/12\/avatar_LI-800x800-1.png","contentUrl":"https:\/\/reseaumentoratgim.com\/wp-content\/uploads\/2025\/12\/avatar_LI-800x800-1.png","width":800,"height":800,"caption":"Mentorat Gasp\u00e9sie\u2013\u00celes-de-la-Madeleine"},"image":{"@id":"https:\/\/reseaumentoratgim.com\/#\/schema\/logo\/image\/"},"sameAs":["https:\/\/www.facebook.com\/MentoratGIM\/","https:\/\/www.linkedin.com\/company\/reseau-gim-m\/"]}]}},"_links":{"self":[{"href":"https:\/\/reseaumentoratgim.com\/en\/wp-json\/wp\/v2\/pages\/2665","targetHints":{"allow":["GET"]}}],"collection":[{"href":"https:\/\/reseaumentoratgim.com\/en\/wp-json\/wp\/v2\/pages"}],"about":[{"href":"https:\/\/reseaumentoratgim.com\/en\/wp-json\/wp\/v2\/types\/page"}],"author":[{"embeddable":true,"href":"https:\/\/reseaumentoratgim.com\/en\/wp-json\/wp\/v2\/users\/4"}],"replies":[{"embeddable":true,"href":"https:\/\/reseaumentoratgim.com\/en\/wp-json\/wp\/v2\/comments?post=2665"}],"version-history":[{"count":3,"href":"https:\/\/reseaumentoratgim.com\/en\/wp-json\/wp\/v2\/pages\/2665\/revisions"}],"predecessor-version":[{"id":3425,"href":"https:\/\/reseaumentoratgim.com\/en\/wp-json\/wp\/v2\/pages\/2665\/revisions\/3425"}],"up":[{"embeddable":true,"href":"https:\/\/reseaumentoratgim.com\/en\/wp-json\/wp\/v2\/pages\/602"}],"wp:attachment":[{"href":"https:\/\/reseaumentoratgim.com\/en\/wp-json\/wp\/v2\/media?parent=2665"}],"curies":[{"name":"wp","href":"https:\/\/api.w.org\/{rel}","templated":true}]}}